{"id":9866,"date":"2020-01-29T17:07:06","date_gmt":"2020-01-29T16:07:06","guid":{"rendered":"https:\/\/www.fondationthalie.org\/fr\/?post_type=product&#038;p=9866"},"modified":"2020-02-18T14:52:00","modified_gmt":"2020-02-18T13:52:00","slug":"nour-awada","status":"publish","type":"product","link":"https:\/\/archive.fondationthalie.org\/fr\/shop\/masterclass-angelika-markul-2-2-2-2-4-3-3-3-2-2\/","title":{"rendered":"Nour Awada"},"content":{"rendered":"","protected":false},"excerpt":{"rendered":"<p>Ce ticket est personnel. Merci de bien vouloir l&#8217;imprimer.<br \/>\nIl est recommand\u00e9 d&#8217;arriver au moins 15 minutes avant l&#8217;horaire du d\u00e9but du stage.<br \/>\nToute notre programmation est accessible sur www.Fondation Thalie.org<\/p>\n<p><strong>Fondation Thalie<\/strong> | 15, rue Buchholtz, 1050 Ixelles<br \/>\nT\u00e9l : 02 446 03 43<br \/>\nLa maison est ouverte uniquement sur \u00e9v\u00e8nement.<br \/>\nAcc\u00e8s : Tram 93 et 8 arr\u00eat Vleurgat; Parking \u00e0 proximit\u00e9.<\/p>\n","protected":false},"featured_media":9722,"template":"","meta":[],"acf":[],"aioseo_notices":[],"_links":{"self":[{"href":"https:\/\/archive.fondationthalie.org\/fr\/wp-json\/wp\/v2\/product\/9866"}],"collection":[{"href":"https:\/\/archive.fondationthalie.org\/fr\/wp-json\/wp\/v2\/product"}],"about":[{"href":"https:\/\/archive.fondationthalie.org\/fr\/wp-json\/wp\/v2\/types\/product"}],"wp:featuredmedia":[{"embeddable":true,"href":"https:\/\/archive.fondationthalie.org\/fr\/wp-json\/wp\/v2\/media\/9722"}],"wp:attachment":[{"href":"https:\/\/archive.fondationthalie.org\/fr\/wp-json\/wp\/v2\/media?parent=9866"}],"curies":[{"name":"wp","href":"https:\/\/api.w.org\/{rel}","templated":true}]}}