{"id":7381,"date":"2019-04-09T19:26:03","date_gmt":"2019-04-09T17:26:03","guid":{"rendered":"https:\/\/www.fondationthalie.org\/fr\/?page_id=7381"},"modified":"2024-08-18T12:00:03","modified_gmt":"2024-08-18T10:00:03","slug":"la-fondatrice-le-conseil-dadministration","status":"publish","type":"page","link":"https:\/\/archive.fondationthalie.org\/fr\/thalie-art-foundation\/la-fondatrice-le-conseil-dadministration\/","title":{"rendered":"La Fondatrice, le Conseil d&#8217;administration"},"content":{"rendered":"<p><\/p>\n<h2>Nathalie Guiot, la Fondatrice<\/h2>\n<div class=\"\">\n<p><span class=\"\">\u00ab\u00a0<em>J\u2019ai voulu un lieu qui rassemble et f\u00e9d\u00e8re une communaut\u00e9, celle des artistes, les premiers ambassadeurs de ce projet long terme. Un lieu public \u00a0de rencontres autour de la cr\u00e9ation. Transversal dans son mode de fonctionnement, l&#8217;espace domestique de cette maison \u00e0 Bruxelles, a pour vocation de d\u00e9fendre une cr\u00e9ation vivante et engag\u00e9e. Un partage des savoirs et une ambition de d\u00e9cloisonner les pratiques artistiques. Un lieu qui v\u00e9hicule une pens\u00e9e, celle d\u2019investiguer par l\u2019art les grands enjeux de notre soci\u00e9t\u00e9 <\/em>\u00bb. \u00a0<\/span><\/p>\n<\/div>\n<div class=\"\"><\/div>\n<div class=\"\">\n<div class=\"page\" title=\"Page 1\">\n<div class=\"layoutArea\">\n<div class=\"column\">\n<p>Fondatrice et Pre\u0301sidente, <strong>Nathalie Guiot<\/strong> est auteure, e\u0301ditrice et commissaire d\u2019exposition. Elle fonde Anabet E\u0301ditions dans les anne\u0301es 2000 et en 2012, cre\u0301e Thalie Art Project, une association qui produit des rencontres artistiques et performatives, aujourd\u2019hui devenue fondation avec un espace d\u2019expositions, une collection d&#8217;art et une re\u0301sidence d\u2019artistes et d\u2019auteur(e)s a\u0300 Bruxelles. Nathalie Guiot est membre du Cercle international et du Comite\u0301 d\u2019acquisition Design au Centre Pompidou, membre du comite\u0301 d\u2019acquisition en Arts Visuels pour le CNAP, membre du comit\u00e9 de s\u00e9lection &#8220;Edition et design&#8221; de la foire Art-O-Rama Marseille. Depuis 2022, elle est aussi membre du Comit\u00e9 scientifique de la Chaire \u00e9co-design &amp; cr\u00e9ation de l&#8217;\u00c9cole nationale sup\u00e9rieure des Arts D\u00e9coratifs de Paris et au conseil d&#8217;administration des Amis de la Collection Lambert \u00e0 Avignon.<\/p>\n<\/div>\n<\/div>\n<\/div>\n<\/div>\n<div><\/div>\n<div>\n<p>&nbsp;<\/p>\n<\/div>\n<p><\/p>","protected":false},"excerpt":{"rendered":"<p>Nathalie Guiot, la Fondatrice \u00ab\u00a0J\u2019ai voulu un lieu qui rassemble et f\u00e9d\u00e8re une communaut\u00e9, celle des artistes, les premiers ambassadeurs de ce projet long terme. Un lieu public \u00a0de rencontres autour de la cr\u00e9ation. Transversal dans son mode de fonctionnement, l&#8217;espace domestique de cette maison \u00e0 Bruxelles, a pour vocation de d\u00e9fendre une cr\u00e9ation vivante [&hellip;]<\/p>\n","protected":false},"author":2,"featured_media":18402,"parent":644,"menu_order":2,"comment_status":"closed","ping_status":"closed","template":"single-fondation.php","meta":[],"acf":[],"aioseo_notices":[],"_links":{"self":[{"href":"https:\/\/archive.fondationthalie.org\/fr\/wp-json\/wp\/v2\/pages\/7381"}],"collection":[{"href":"https:\/\/archive.fondationthalie.org\/fr\/wp-json\/wp\/v2\/pages"}],"about":[{"href":"https:\/\/archive.fondationthalie.org\/fr\/wp-json\/wp\/v2\/types\/page"}],"author":[{"embeddable":true,"href":"https:\/\/archive.fondationthalie.org\/fr\/wp-json\/wp\/v2\/users\/2"}],"replies":[{"embeddable":true,"href":"https:\/\/archive.fondationthalie.org\/fr\/wp-json\/wp\/v2\/comments?post=7381"}],"version-history":[{"count":66,"href":"https:\/\/archive.fondationthalie.org\/fr\/wp-json\/wp\/v2\/pages\/7381\/revisions"}],"predecessor-version":[{"id":24882,"href":"https:\/\/archive.fondationthalie.org\/fr\/wp-json\/wp\/v2\/pages\/7381\/revisions\/24882"}],"up":[{"embeddable":true,"href":"https:\/\/archive.fondationthalie.org\/fr\/wp-json\/wp\/v2\/pages\/644"}],"wp:featuredmedia":[{"embeddable":true,"href":"https:\/\/archive.fondationthalie.org\/fr\/wp-json\/wp\/v2\/media\/18402"}],"wp:attachment":[{"href":"https:\/\/archive.fondationthalie.org\/fr\/wp-json\/wp\/v2\/media?parent=7381"}],"curies":[{"name":"wp","href":"https:\/\/api.w.org\/{rel}","templated":true}]}}