{"id":644,"date":"2017-07-10T09:55:17","date_gmt":"2017-07-10T07:55:17","guid":{"rendered":"http:\/\/www.fondationthalie.org\/fr\/?page_id=644"},"modified":"2024-02-06T18:38:35","modified_gmt":"2024-02-06T17:38:35","slug":"thalie-art-foundation","status":"publish","type":"page","link":"https:\/\/archive.fondationthalie.org\/fr\/thalie-art-foundation\/","title":{"rendered":"La mission"},"content":{"rendered":"<p><\/p>\n<div class=\"page\" title=\"Page 2\">\n<div class=\"layoutArea\">\n<div class=\"column\">\n<p>Cr\u00e9\u00e9e en 2014 par Nathalie Guiot, commissaire d&#8217;exposition et philanthrope dans le champs des arts et de la culture, la Fondation Thalie accueille dans une maison des ann\u00e9es 20 \u00e0 Bruxelles, des expositions, une r\u00e9sidence d&#8217;artistes et d&#8217;auteur.e.s ainsi qu\u2019une collection d\u2019art et un programme d\u2019activit\u00e9s artistiques et p\u00e9dagogiques. La Fondation promeut le dialogue entre les arts visuels et les savoir-faire pour leur sauvegarde et soutient la cr\u00e9ation engag\u00e9e dans la transition \u00e9cologique, avec notamment un programme de conf\u00e9rences et\u00a0 podcasts \u00ab <a href=\"https:\/\/www.fondationthalie.org\/fr\/podcasts\/?tags%5B%5D=228\" target=\"_blank\" rel=\"noopener\">Cr\u00e9ateurs Urgence Climat<\/a> \u00bb.<\/p>\n<\/div>\n<div class=\"page\" title=\"Page 5\">\n<div class=\"layoutArea\">\n<div class=\"column\">\n<h3><strong>AXES D\u2019ENGAGEMENT<\/strong><\/h3>\n<p>La Fondation de\u0301fend 3 axes principaux :<\/p>\n<ul>\n<li>Soutenir la cr\u00e9ation \u00a0int\u00e9grant les savoir-faire pour leur sauvegarde<\/li>\n<li>Favoriser le dialogue et les projets entre artistes, designers et scientifiques face a\u0300 l\u2019urgence \u00e9cologique<\/li>\n<li>Encourager les nouveaux r\u00e9cits de l&#8217;\u00e8re post-carbone<\/li>\n<\/ul>\n<\/div>\n<\/div>\n<\/div>\n<div class=\"column\">\n<div class=\"page\" title=\"Page 5\"><\/div>\n<\/div>\n<\/div>\n<\/div>\n<p>La Fondation pense \u00e9galement la typologie de ses actions en quatre entit\u00e9s :<\/p>\n<p><strong>SUN<\/strong> La maison bruxelloise et sa programmation innovante et transdisciplinaire, ses r\u00e9sidences et son espace d\u2019exposition, l\u2019origine historique des engagements de la fondation,<\/p>\n<p><strong>MOONS<\/strong> Nouvel espace d\u2019expositions et de r\u00e9sidences en Arles en France. D\u2019autres projets similaires sont \u00e0 l\u2019\u00e9tude, ils seront les MOONS<\/p>\n<p><strong>SATELLITES<\/strong> Projets hors les murs<\/p>\n<p><strong>PLANETS<\/strong> Club de personnalit\u00e9s de la Fondation. Vous vibrez des m\u00eames questionnements sur nos futurs, vous \u00eates nos ambassadeurs\u00a0!<\/p>\n<p>&nbsp;<\/p>\n<h3><strong>UN LEVIER POUR PENSER UN MONDE EN MUTATION<\/strong><\/h3>\n<p>La Fondation Thalie agit par le prisme de la pratique artistique et de l\u2019\u00e9criture cr\u00e9ative, en faveur de causes qui bouleversent nos \u00e9cosyst\u00e8mes et nous obligent envers les g\u00e9n\u00e9rations futures.<\/p>\n<div class=\"page\" title=\"Page 6\">\n<div class=\"layoutArea\">\n<div class=\"column\">\n<p>Comment le d\u00e9r\u00e8glement climatique impacte-t-elle les pratiques artistiques ? Lance\u0301 en ligne en 2020, le podcast <strong>Cr\u00e9ateurs Urgence Climat<\/strong> encourage le dialogue entre artistes, designers et scientifiques pour penser de nouvelles fa\u00e7ons de produire plus respectueuses des ressources naturelles et \u00e9crire les nouveaux r\u00e9cits d&#8217;une soci\u00e9t\u00e9 post-carbone.<\/p>\n<p>Avec une cinquantaine d&#8217;<strong>artistes, designers et experts scientifiques invite\u0301s depuis ses d\u00e9buts<\/strong>, ces rencontres suivies par <strong>plus de 34 000 personnes<\/strong> visent a\u0300 faire nai\u0302tre des collaborations entre les disciplines et \u00e0 porter la voix d&#8217;une nouvelle ge\u0301ne\u0301ration d\u2019artistes et designers militants, pr\u00eats \u00e0 faire bouger les lignes.<\/p>\n<p><span style=\"font-size: 16px;\">En r\u00e9sonance \u00e0 ces enjeux, la r\u00e9sidence publie annuellement un appel \u00e0 projet th\u00e9matique. Forts de plusieurs centaines de candidatures chaque ann\u00e9e, les appels sont une photographie de la cr\u00e9ation \u00e9mergente et de l\u2019engagement des cr\u00e9ateurs. Un jury de professionnels chaque fois renouvel\u00e9 forme une communaut\u00e9 d\u2019expertises singuli\u00e8res.<\/span><\/p>\n<\/div>\n<\/div>\n<\/div>\n<p><\/p>","protected":false},"excerpt":{"rendered":"<p>Cr\u00e9\u00e9e en 2014 par Nathalie Guiot, commissaire d&#8217;exposition et philanthrope dans le champs des arts et de la culture, la Fondation Thalie accueille dans une maison des ann\u00e9es 20 \u00e0 Bruxelles, des expositions, une r\u00e9sidence d&#8217;artistes et d&#8217;auteur.e.s ainsi qu\u2019une collection d\u2019art et un programme d\u2019activit\u00e9s artistiques et p\u00e9dagogiques. La Fondation promeut le dialogue entre [&hellip;]<\/p>\n","protected":false},"author":1,"featured_media":21363,"parent":0,"menu_order":0,"comment_status":"closed","ping_status":"closed","template":"single-privatisation.php","meta":[],"acf":[],"aioseo_notices":[],"_links":{"self":[{"href":"https:\/\/archive.fondationthalie.org\/fr\/wp-json\/wp\/v2\/pages\/644"}],"collection":[{"href":"https:\/\/archive.fondationthalie.org\/fr\/wp-json\/wp\/v2\/pages"}],"about":[{"href":"https:\/\/archive.fondationthalie.org\/fr\/wp-json\/wp\/v2\/types\/page"}],"author":[{"embeddable":true,"href":"https:\/\/archive.fondationthalie.org\/fr\/wp-json\/wp\/v2\/users\/1"}],"replies":[{"embeddable":true,"href":"https:\/\/archive.fondationthalie.org\/fr\/wp-json\/wp\/v2\/comments?post=644"}],"version-history":[{"count":224,"href":"https:\/\/archive.fondationthalie.org\/fr\/wp-json\/wp\/v2\/pages\/644\/revisions"}],"predecessor-version":[{"id":23829,"href":"https:\/\/archive.fondationthalie.org\/fr\/wp-json\/wp\/v2\/pages\/644\/revisions\/23829"}],"wp:featuredmedia":[{"embeddable":true,"href":"https:\/\/archive.fondationthalie.org\/fr\/wp-json\/wp\/v2\/media\/21363"}],"wp:attachment":[{"href":"https:\/\/archive.fondationthalie.org\/fr\/wp-json\/wp\/v2\/media?parent=644"}],"curies":[{"name":"wp","href":"https:\/\/api.w.org\/{rel}","templated":true}]}}