{"id":3662,"date":"2018-05-14T15:26:11","date_gmt":"2018-05-14T13:26:11","guid":{"rendered":"https:\/\/www.fondationthalie.org\/fr\/?page_id=3662"},"modified":"2023-10-27T14:39:56","modified_gmt":"2023-10-27T12:39:56","slug":"location-espaces-privatisation","status":"publish","type":"page","link":"https:\/\/archive.fondationthalie.org\/fr\/privatisation\/","title":{"rendered":"Privatisatiser la maison"},"content":{"rendered":"<p><strong>La fondation met \u00e0 disposition les espaces de la maison pour la privatisation d&#8217;\u00e9v\u00e8nements. Construite en 1924 par l\u2019architecte Jean Hendricks, la maison a \u00e9t\u00e9 enti\u00e8rement r\u00e9nov\u00e9e en 2017 par le bin\u00f4me Vanden Eeckhoudt \u2013 Creyf architectes dans un style contemporain tout en pr\u00e9servant l\u2019esprit historique du lieu. Situ\u00e9 non loin de l\u2019avenue Louise, un lieu singulier, intime et convivial d\u00e9di\u00e9 \u00e0 la cr\u00e9ation contemporaine, dot\u00e9 d\u2019une collection d\u2019art et d&#8217;une programmation autour des arts visuels,<\/strong><strong> au c\u0153ur du quartier des galeries et proche des \u00e9tangs d\u2019Ixelles.<\/strong><\/p>\n<p>Privatisation sur demande selon vos projets : s\u00e9minaire, r\u00e9ception, shooting photo, tournage\u2026<\/p>\n<p><\/p>","protected":false},"excerpt":{"rendered":"<p>La fondation met \u00e0 disposition les espaces de la maison pour la privatisation d&#8217;\u00e9v\u00e8nements. Construite en 1924 par l\u2019architecte Jean Hendricks, la maison a \u00e9t\u00e9 enti\u00e8rement r\u00e9nov\u00e9e en 2017 par le bin\u00f4me Vanden Eeckhoudt \u2013 Creyf architectes dans un style contemporain tout en pr\u00e9servant l\u2019esprit historique du lieu. Situ\u00e9 non loin de l\u2019avenue Louise, un [&hellip;]<\/p>\n","protected":false},"author":1,"featured_media":7799,"parent":0,"menu_order":0,"comment_status":"closed","ping_status":"closed","template":"single-privatisation.php","meta":[],"acf":[],"aioseo_notices":[],"_links":{"self":[{"href":"https:\/\/archive.fondationthalie.org\/fr\/wp-json\/wp\/v2\/pages\/3662"}],"collection":[{"href":"https:\/\/archive.fondationthalie.org\/fr\/wp-json\/wp\/v2\/pages"}],"about":[{"href":"https:\/\/archive.fondationthalie.org\/fr\/wp-json\/wp\/v2\/types\/page"}],"author":[{"embeddable":true,"href":"https:\/\/archive.fondationthalie.org\/fr\/wp-json\/wp\/v2\/users\/1"}],"replies":[{"embeddable":true,"href":"https:\/\/archive.fondationthalie.org\/fr\/wp-json\/wp\/v2\/comments?post=3662"}],"version-history":[{"count":57,"href":"https:\/\/archive.fondationthalie.org\/fr\/wp-json\/wp\/v2\/pages\/3662\/revisions"}],"predecessor-version":[{"id":23167,"href":"https:\/\/archive.fondationthalie.org\/fr\/wp-json\/wp\/v2\/pages\/3662\/revisions\/23167"}],"wp:featuredmedia":[{"embeddable":true,"href":"https:\/\/archive.fondationthalie.org\/fr\/wp-json\/wp\/v2\/media\/7799"}],"wp:attachment":[{"href":"https:\/\/archive.fondationthalie.org\/fr\/wp-json\/wp\/v2\/media?parent=3662"}],"curies":[{"name":"wp","href":"https:\/\/api.w.org\/{rel}","templated":true}]}}