{"id":1529,"date":"2017-09-15T09:26:47","date_gmt":"2017-09-15T07:26:47","guid":{"rendered":"https:\/\/www.fondationthalie.org\/fr\/?page_id=1529"},"modified":"2024-08-18T11:56:17","modified_gmt":"2024-08-18T09:56:17","slug":"informations-pratiques","status":"publish","type":"page","link":"https:\/\/archive.fondationthalie.org\/fr\/acces-contacts\/","title":{"rendered":"Acc\u00e8s | contact"},"content":{"rendered":"<p><strong>Fondation Thalie<\/strong><br \/>\n15 rue Buchholtz<br \/>\n1050 Bruxelles &#8211; Belgique<br \/>\nT\u00a0+32 (0)<span style=\"font-size: 16px;\">2 446 03 43<br \/>\n<a href=\"mailto:discutons@fondationthalie.org\" target=\"_blank\" rel=\"noopener\">discutons@fondationthalie.org<\/a><br \/>\n<\/span><\/p>\n<p>Espace d&#8217;\u00e9t\u00e9<br \/>\n34 rue de l&#8217;amphith\u00e9\u00e2tre<br \/>\n13200 Arles<br \/>\n<a href=\"mailto:arles@fondationthalie.org\" target=\"_blank\" rel=\"noopener\">arles@fondationthalie.org<\/a><br \/>\n<strong>Exposition de Sara Ouhaddou accessible tout l&#8217;\u00e9t\u00e9. R\u00e9servez votre visite <a href=\"https:\/\/www.fondationthalie.org\/fr\/arles\/assieds-toi-prends-un-verre-de-thesara-ouhaddou\/\" target=\"_blank\" rel=\"noopener\">en ligne<\/a>.<\/strong><\/p>\n<p>&nbsp;<\/p>\n<p><em>Tarif plein : 6 euros<\/em><\/p>\n<p><em>Tarif r\u00e9duit : 3 euros\u00a0<\/em><\/p>\n<p><em>Gratuit pour les Membre du Museum Pass [Pass Mus\u00e9es], ICOM, presse et cercle m\u00e9c\u00e8nes planet<br \/>\nVisite de groupe sur r\u00e9servation, minimum 8 personnes, tarif \u00a035 euros, dur\u00e9e 40 minutes<\/em><\/p>\n<p>&nbsp;<\/p>","protected":false},"excerpt":{"rendered":"<p>Fondation Thalie 15 rue Buchholtz 1050 Bruxelles &#8211; Belgique T\u00a0+32 (0)2 446 03 43 discutons@fondationthalie.org Espace d&#8217;\u00e9t\u00e9 34 rue de l&#8217;amphith\u00e9\u00e2tre 13200 Arles arles@fondationthalie.org Exposition de Sara Ouhaddou accessible tout l&#8217;\u00e9t\u00e9. R\u00e9servez votre visite en ligne. &nbsp; Tarif plein : 6 euros Tarif r\u00e9duit : 3 euros\u00a0 Gratuit pour les Membre du Museum Pass [Pass [&hellip;]<\/p>\n","protected":false},"author":1,"featured_media":1561,"parent":0,"menu_order":0,"comment_status":"closed","ping_status":"closed","template":"single-informations.php","meta":[],"acf":[],"aioseo_notices":[],"_links":{"self":[{"href":"https:\/\/archive.fondationthalie.org\/fr\/wp-json\/wp\/v2\/pages\/1529"}],"collection":[{"href":"https:\/\/archive.fondationthalie.org\/fr\/wp-json\/wp\/v2\/pages"}],"about":[{"href":"https:\/\/archive.fondationthalie.org\/fr\/wp-json\/wp\/v2\/types\/page"}],"author":[{"embeddable":true,"href":"https:\/\/archive.fondationthalie.org\/fr\/wp-json\/wp\/v2\/users\/1"}],"replies":[{"embeddable":true,"href":"https:\/\/archive.fondationthalie.org\/fr\/wp-json\/wp\/v2\/comments?post=1529"}],"version-history":[{"count":140,"href":"https:\/\/archive.fondationthalie.org\/fr\/wp-json\/wp\/v2\/pages\/1529\/revisions"}],"predecessor-version":[{"id":24881,"href":"https:\/\/archive.fondationthalie.org\/fr\/wp-json\/wp\/v2\/pages\/1529\/revisions\/24881"}],"wp:featuredmedia":[{"embeddable":true,"href":"https:\/\/archive.fondationthalie.org\/fr\/wp-json\/wp\/v2\/media\/1561"}],"wp:attachment":[{"href":"https:\/\/archive.fondationthalie.org\/fr\/wp-json\/wp\/v2\/media?parent=1529"}],"curies":[{"name":"wp","href":"https:\/\/api.w.org\/{rel}","templated":true}]}}