{"id":10477,"date":"2020-03-17T16:20:34","date_gmt":"2020-03-17T15:20:34","guid":{"rendered":"https:\/\/www.fondationthalie.org\/fr\/?page_id=10477"},"modified":"2024-01-11T16:03:43","modified_gmt":"2024-01-11T15:03:43","slug":"la-maison-a-bruxelles","status":"publish","type":"page","link":"https:\/\/archive.fondationthalie.org\/fr\/la-maison-a-bruxelles\/","title":{"rendered":"La Maison \u00e0 Bruxelles"},"content":{"rendered":"<p><strong>C&#8217;est dans une maison \u00e0 l\u2019architecture moderniste des ann\u00e9es vingt, non loin de l\u2019avenue Louise \u00e0 Bruxelles, que la Fondation Thalie a imagin\u00e9 ce lieu d\u00e9di\u00e9 \u00e0 la cr\u00e9ation. Dot\u00e9 d\u2019une collection d\u2019art contemporain, elle\u00a0accueille une r\u00e9sidence d\u2019artistes et une programmation multidisciplinaire autour des arts visuels et culinaires, de la performance et de la litt\u00e9rature.<\/strong><br \/>\n<strong>Un lieu exclusif au c\u0153ur du quartier des galeries d\u2019art et proche des \u00e9tangs d\u2019ixelles.<\/strong><\/p>\n<p>Construite en 1924 par l\u2019architecte Jean Hendrickx, la maison a \u00e9t\u00e9 enti\u00e8rement r\u00e9nov\u00e9e par le bin\u00f4me Vanden Eeckhoudt \u2013 Creyf architectes, enti\u00e8rement r\u00e9nov\u00e9e dans un style contemporain, tout en conservant son esprit moderniste. Outre les espaces d\u2019exposition et de travail, elle dispose d\u2019une biblioth\u00e8que, de quatre chambres et d\u2019un vaste espace cuisine salle \u00e0 manger-terrasse.<\/p>\n<p><strong><br \/>\nSUN : La Maison \u00e0 Bruxelles, \u00e9picentre de rencontres artistiques et culturelles\u00a0!<\/strong><\/p>\n<p>La Maison accueille \u00e0 l\u2019ann\u00e9e :<\/p>\n<ul>\n<li>3 \u00e0 4 expositions<\/li>\n<li>Jusqu&#8217;\u00e0 5 rencontres, projections, performances, lectures, d\u00eeners,\u2026 par mois<\/li>\n<li>R\u00e9sidences d\u2019artistes et d\u2019auteur(e)s<\/li>\n<li>Une boutique o\u00f9 nous pr\u00e9sentons nos \u00e9ditions de multiples et publications litt\u00e9raires.<\/li>\n<li>Des s\u00e9minaires d&#8217;entreprises, shootings photos, lancement de produits, tournages.<\/li>\n<\/ul>\n<p><\/p>","protected":false},"excerpt":{"rendered":"<p>C&#8217;est dans une maison \u00e0 l\u2019architecture moderniste des ann\u00e9es vingt, non loin de l\u2019avenue Louise \u00e0 Bruxelles, que la Fondation Thalie a imagin\u00e9 ce lieu d\u00e9di\u00e9 \u00e0 la cr\u00e9ation. Dot\u00e9 d\u2019une collection d\u2019art contemporain, elle\u00a0accueille une r\u00e9sidence d\u2019artistes et une programmation multidisciplinaire autour des arts visuels et culinaires, de la performance et de la litt\u00e9rature. [&hellip;]<\/p>\n","protected":false},"author":2,"featured_media":0,"parent":0,"menu_order":0,"comment_status":"closed","ping_status":"closed","template":"single-privatisation.php","meta":[],"acf":[],"aioseo_notices":[],"_links":{"self":[{"href":"https:\/\/archive.fondationthalie.org\/fr\/wp-json\/wp\/v2\/pages\/10477"}],"collection":[{"href":"https:\/\/archive.fondationthalie.org\/fr\/wp-json\/wp\/v2\/pages"}],"about":[{"href":"https:\/\/archive.fondationthalie.org\/fr\/wp-json\/wp\/v2\/types\/page"}],"author":[{"embeddable":true,"href":"https:\/\/archive.fondationthalie.org\/fr\/wp-json\/wp\/v2\/users\/2"}],"replies":[{"embeddable":true,"href":"https:\/\/archive.fondationthalie.org\/fr\/wp-json\/wp\/v2\/comments?post=10477"}],"version-history":[{"count":17,"href":"https:\/\/archive.fondationthalie.org\/fr\/wp-json\/wp\/v2\/pages\/10477\/revisions"}],"predecessor-version":[{"id":23616,"href":"https:\/\/archive.fondationthalie.org\/fr\/wp-json\/wp\/v2\/pages\/10477\/revisions\/23616"}],"wp:attachment":[{"href":"https:\/\/archive.fondationthalie.org\/fr\/wp-json\/wp\/v2\/media?parent=10477"}],"curies":[{"name":"wp","href":"https:\/\/api.w.org\/{rel}","templated":true}]}}