{"id":7381,"date":"2019-04-09T19:26:03","date_gmt":"2019-04-09T17:26:03","guid":{"rendered":"https:\/\/www.fondationthalie.org\/fr\/?page_id=7381"},"modified":"2024-08-18T12:00:03","modified_gmt":"2024-08-18T10:00:03","slug":"la-fondatrice-le-conseil-dadministration","status":"publish","type":"page","link":"https:\/\/archive.fondationthalie.org\/en\/thalie-art-foundation\/the-founder-the-board-of-the-foundation\/","title":{"rendered":"Founder, Board of the Foundation"},"content":{"rendered":"<p><\/p>\n<h2>Nathalie Guiot, Founder<\/h2>\n<p class=\"p1\"><span class=\"s1\">\u201c<em>I wanted a place that brings together and <\/em><\/span><em><span class=\"s2\">fosters <\/span><span class=\"s1\">a community; a place for artists, the <\/span><span class=\"s2\">primary actors <\/span><\/em><span class=\"s1\"><em>in this long-term project. A public meeting place for sharing and hosting encounters around creation. Traversing across modes of operation, the domestic space of the foundation aims to represent processes of engaged creation through speech, gestures, dance and texts; a sharing of knowledge and an ambition to de-compartmentalize artistic practices. A place that activates thought and prompts investigation into the great challenges of our society through the medium of art.<\/em>\u201d<\/span><\/p>\n<div class=\"page\" title=\"Page 2\">\n<div class=\"layoutArea\">\n<div class=\"column\">\n<p>Founder and President, <strong>Nathalie Guiot<\/strong> is an author, editor, and exhibition curator. She founded Anabet Editions in the 2000s and in 2012, created Thalie Art Project, an association that produces artistic and performative encounters which has become a foundation with an exhibition space, an art collection and a residency program in Brussels. Nathalie Guiot is a member of the International Circle and of the Design acquisition Committee at the Centre Pompidou, a member of the Visual Arts acquisition Committee for the CNAP, and\u00a0member of the Visual Arts acquisition committee for the CNAP, member of the publishing and design acquisition committee for the Art-O-Rama Marseille fair. Since 2022, she has also been a member of the Scientific Committee of the Eco-design &amp; Creation Chair at the \u00c9cole nationale sup\u00e9rieure des Arts D\u00e9coratifs in Paris.<\/p>\n<\/div>\n<\/div>\n<\/div>\n<div><\/div>\n<div>\n<p>&nbsp;<\/p>\n<\/div>\n<p><\/p>","protected":false},"excerpt":{"rendered":"<p>Nathalie Guiot, Founder \u201cI wanted a place that brings together and fosters a community; a place for artists, the primary actors in this long-term project. A public meeting place for sharing and hosting encounters around creation. Traversing across modes of operation, the domestic space of the foundation aims to represent processes of engaged creation through [&hellip;]<\/p>\n","protected":false},"author":2,"featured_media":18402,"parent":644,"menu_order":2,"comment_status":"closed","ping_status":"closed","template":"single-fondation.php","meta":[],"acf":[],"aioseo_notices":[],"_links":{"self":[{"href":"https:\/\/archive.fondationthalie.org\/en\/wp-json\/wp\/v2\/pages\/7381"}],"collection":[{"href":"https:\/\/archive.fondationthalie.org\/en\/wp-json\/wp\/v2\/pages"}],"about":[{"href":"https:\/\/archive.fondationthalie.org\/en\/wp-json\/wp\/v2\/types\/page"}],"author":[{"embeddable":true,"href":"https:\/\/archive.fondationthalie.org\/en\/wp-json\/wp\/v2\/users\/2"}],"replies":[{"embeddable":true,"href":"https:\/\/archive.fondationthalie.org\/en\/wp-json\/wp\/v2\/comments?post=7381"}],"version-history":[{"count":66,"href":"https:\/\/archive.fondationthalie.org\/en\/wp-json\/wp\/v2\/pages\/7381\/revisions"}],"predecessor-version":[{"id":24882,"href":"https:\/\/archive.fondationthalie.org\/en\/wp-json\/wp\/v2\/pages\/7381\/revisions\/24882"}],"up":[{"embeddable":true,"href":"https:\/\/archive.fondationthalie.org\/en\/wp-json\/wp\/v2\/pages\/644"}],"wp:featuredmedia":[{"embeddable":true,"href":"https:\/\/archive.fondationthalie.org\/en\/wp-json\/wp\/v2\/media\/18402"}],"wp:attachment":[{"href":"https:\/\/archive.fondationthalie.org\/en\/wp-json\/wp\/v2\/media?parent=7381"}],"curies":[{"name":"wp","href":"https:\/\/api.w.org\/{rel}","templated":true}]}}